{"id":3,"date":"2025-06-06T14:17:51","date_gmt":"2025-06-06T14:17:51","guid":{"rendered":"http:\/\/qericoo.com\/?page_id=3"},"modified":"2025-07-18T18:35:39","modified_gmt":"2025-07-18T16:35:39","slug":"terminos-y-condiciones","status":"publish","type":"page","link":"https:\/\/qericoo.com\/zh\/terminos-y-condiciones\/","title":{"rendered":"\u6761\u6b3e\u548c\u6761\u4ef6"},"content":{"rendered":"<div data-elementor-type=\"wp-page\" data-elementor-id=\"3\" class=\"elementor elementor-3\">\n\t\t\t\t<div class=\"wd-negative-gap elementor-element elementor-element-76f21cee e-flex e-con-boxed e-con e-parent\" data-id=\"76f21cee\" data-element_type=\"container\">\n\t\t\t\t\t<div class=\"e-con-inner\">\n\t\t\t\t<div class=\"elementor-element elementor-element-758cd6ed color-scheme-inherit text-left elementor-widget elementor-widget-text-editor\" data-id=\"758cd6ed\" data-element_type=\"widget\" data-widget_type=\"text-editor.default\">\n\t\t\t\t<div class=\"elementor-widget-container\">\n\t\t\t\t\t\t\t\t\t<h4 data-start=\"155\" data-end=\"182\">1. \u7f51\u7ad9\u7684\u4f7f\u7528<\/h4>\n<p data-start=\"183\" data-end=\"572\">\u672c\u7f51\u7ad9\u4ec5\u4f9b\u4e2a\u4eba\u4f7f\u7528\u548c\u79c1\u4eba\u6d88\u8d39\u3002<br data-start=\"271\" data-end=\"274\" \/><strong data-start=\"274\" data-end=\"306\">\u4e25\u7981<\/strong> \u7528\u4e8e\u5546\u4e1a\u76ee\u7684\u3001\u672a\u7ecf\u6388\u6743\u7684\u6279\u53d1\u8d2d\u4e70\u3001\u8f6c\u552e\u3001\u590d\u5236\u3001\u5206\u53d1\u6216\u4efb\u4f55\u672a\u660e\u786e\u5141\u8bb8\u7684\u5229\u7528\u5f62\u5f0f\u3002<br data-start=\"462\" data-end=\"465\" \/>QE.RICOO SUPERMARKET \u4fdd\u7559\u5bf9\u6ee5\u7528\u7f51\u7ad9\u7684\u7528\u6237\u9650\u5236\u8bbf\u95ee\u7684\u6743\u5229\u3002<\/p>\n<h4 data-start=\"574\" data-end=\"604\">2.\u7528\u6237\u884c\u4e3a<\/h4>\n<p data-start=\"605\" data-end=\"900\">\u7528\u6237\u627f\u8bfa\u63d0\u4f9b\u771f\u5b9e\u7684\u6700\u65b0\u4fe1\u606f\uff0c\u5e76\u627f\u8bfa <strong data-start=\"682\" data-end=\"799\">\u4e0d\u5f97\u53d1\u5e03\u3001\u4f20\u8f93\u6216\u4f20\u64ad\u975e\u6cd5\u3001\u653b\u51fb\u6027\u3001\u8bfd\u8c24\u6027\u3001\u6b67\u89c6\u6027\u6216\u7834\u574f\u6027\u5185\u5bb9<\/strong>.<br data-start=\"800\" data-end=\"803\" \/>\u516c\u53f8\u53ef\u6682\u505c\u6216\u7ec8\u6b62\u4efb\u4f55\u5f02\u5e38\u6216\u53ef\u7591\u884c\u4e3a\u7684\u8d26\u6237\u3002<\/p>\n<h4 data-start=\"902\" data-end=\"933\">3.\u77e5\u8bc6\u4ea7\u6743<\/h4>\n<p data-start=\"934\" data-end=\"1195\">\u672c\u7f51\u7ad9\u7684\u6240\u6709\u5185\u5bb9\uff0c\u5305\u62ec\u6587\u672c\u3001\u56fe\u50cf\u3001\u6807\u8bc6\u3001\u8bbe\u8ba1\u548c\u7ed3\u6784\uff0c\u5747\u4e3a\u4ee5\u4e0b\u673a\u6784\u7684\u8d22\u4ea7 <strong data-start=\"1045\" data-end=\"1069\">qe.ricoo \u8d85\u5e02<\/strong> \u6216\u62e5\u6709\u76f8\u5e94\u8bb8\u53ef\u8bc1\u7684\u7b2c\u4e09\u65b9\u3002<br data-start=\"1113\" data-end=\"1116\" \/><strong data-start=\"1116\" data-end=\"1135\">\u7981\u6b62<\/strong> \u672a\u7ecf\u660e\u786e\u4e66\u9762\u8bb8\u53ef\uff0c\u4e0d\u5f97\u4f7f\u7528\u6216\u590d\u5236\u3002<\/p>\n<hr data-start=\"1197\" data-end=\"1200\" \/>\n<h3 data-start=\"1202\" data-end=\"1233\">4.\u9690\u79c1\u653f\u7b56<\/h3>\n<h4 data-start=\"1235\" data-end=\"1269\">\u6211\u4eec\u6536\u96c6\u7684\u4fe1\u606f<\/h4>\n<p data-start=\"1270\" data-end=\"1402\">\u6211\u4eec\u4f1a\u5728\u60a8\u4e0b\u8ba2\u5355\u65f6\u6536\u96c6\u59d3\u540d\u3001\u5730\u5740\u3001\u7535\u8bdd\u53f7\u7801\u3001\u7535\u5b50\u90ae\u4ef6\u5730\u5740\u548c\u4ed8\u6b3e\u8be6\u60c5\u7b49\u4e2a\u4eba\u6570\u636e\u3002<\/p>\n<h4 data-start=\"1404\" data-end=\"1431\">\u4f7f\u7528\u548c\u50a8\u5b58<\/h4>\n<p data-start=\"1432\" data-end=\"1472\">\u8fd9\u4e9b\u6570\u636e\u4ec5\u7528\u4e8e<\/p>\n<ul data-start=\"1473\" data-end=\"1692\">\n<li data-start=\"1473\" data-end=\"1495\">\n<p data-start=\"1475\" data-end=\"1495\">\u8ba2\u5355\u7ba1\u7406<\/p>\n<\/li>\n<li data-start=\"1496\" data-end=\"1517\">\n<p data-start=\"1498\" data-end=\"1517\">\u822a\u8fd0\u548c\u7269\u6d41<\/p>\n<\/li>\n<li data-start=\"1518\" data-end=\"1541\">\n<p data-start=\"1520\" data-end=\"1541\">\u5ba2\u6237\u670d\u52a1<\/p>\n<\/li>\n<li data-start=\"1542\" data-end=\"1692\">\n<p data-start=\"1544\" data-end=\"1692\">\u6539\u5584\u7528\u6237\u4f53\u9a8c<br data-start=\"1580\" data-end=\"1583\" \/>\u4fe1\u606f\u7684\u5b58\u50a8\u5f62\u5f0f\u4e3a <strong data-start=\"1619\" data-end=\"1639\">\u5b89\u5168\u52a0\u5bc6<\/strong>\u6570\u636e\u4fdd\u62a4\u89c4\u5b9a\u5f97\u5230\u9075\u5b88\u3002<\/p>\n<\/li>\n<\/ul>\n<h4 data-start=\"1694\" data-end=\"1709\">\u7b2c\u4e09\u65b9<\/h4>\n<p data-start=\"1710\" data-end=\"1879\">\u6211\u4eec\u53ea\u4e0e\u4e25\u683c\u5fc5\u8981\u7684\u7b2c\u4e09\u65b9\uff08\u7269\u6d41\u3001\u652f\u4ed8\uff09\u5171\u4eab\u6570\u636e\uff0c\u4ed6\u4eec\u4e5f\u6709\u4e49\u52a1\u9075\u5b88\u73b0\u884c\u7684\u6570\u636e\u4fdd\u62a4\u6cd5\u89c4\u3002<\/p>\n<hr data-start=\"1881\" data-end=\"1884\" \/>\n<h3 data-start=\"1886\" data-end=\"1913\">5.\u8fd0\u8f93\u653f\u7b56<\/h3>\n<h4 data-start=\"1915\" data-end=\"1946\">\u5904\u7406\u65f6\u95f4<\/h4>\n<p data-start=\"1947\" data-end=\"2040\">\u8ba2\u5355\u5728 <strong data-start=\"1974\" data-end=\"1997\">1-2 \u4e2a\u5de5\u4f5c\u65e5<\/strong>.\u516c\u5171\u8282\u5047\u65e5\u671f\u95f4\u53ef\u80fd\u4f1a\u51fa\u73b0\u5ef6\u8bef\u3002<\/p>\n<h4 data-start=\"2042\" data-end=\"2065\">\u4ea4\u4ed8\u533a\u57df<\/h4>\n<p data-start=\"2066\" data-end=\"2197\">\u6211\u4eec\u5411\u6240\u6709 <strong data-start=\"2082\" data-end=\"2124\">\u897f\u73ed\u7259\u5927\u9646\u548c\u5df4\u5229\u963f\u91cc\u7fa4\u5c9b<\/strong>.<br data-start=\"2125\" data-end=\"2128\" \/>\u5728 <strong data-start=\"2131\" data-end=\"2142\">\u9a6c\u7eb3\u79d1\u5c14<\/strong>\u5ba2\u6237\u53ef\u4ee5\u9009\u62e9 <strong data-start=\"2174\" data-end=\"2196\">\u5e97\u5185\u7cfb\u5217<\/strong>.<\/p>\n<h4 data-start=\"2199\" data-end=\"2230\">\u8fd0\u9001\u65b9\u5f0f\u548c\u65f6\u95f4<\/h4>\n<p data-start=\"2231\" data-end=\"2367\">\u6211\u4eec\u4f7f\u7528 <strong data-start=\"2238\" data-end=\"2249\">\u7535\u5b50\u90ae\u4ef6<\/strong> \u6216\u5f53\u5730\u7269\u6d41\u8fd0\u8425\u5546\u3002<br data-start=\"2282\" data-end=\"2285\" \/>\u9884\u8ba1\u4ea4\u4ed8\u65f6\u95f4\u4e3a <strong data-start=\"2321\" data-end=\"2346\">1 \u81f3 3 \u4e2a\u5de5\u4f5c\u65e5<\/strong>\u6839\u636e\u7ba1\u7406\u5c42\u7684\u8bf4\u6cd5\u3002<\/p>\n<h4 data-start=\"2369\" data-end=\"2391\">\u8fd0\u8d39<\/h4>\n<ul data-start=\"2392\" data-end=\"2646\">\n<li data-start=\"2392\" data-end=\"2449\">\n<p data-start=\"2394\" data-end=\"2449\"><strong data-start=\"2394\" data-end=\"2412\">\u9a6c\u7eb3\u79d1\u5c14\u5e02<\/strong>: \u4ece\u4ee5\u4e0b\u5730\u70b9\u514d\u8d39\u9001\u8d27 <strong data-start=\"2439\" data-end=\"2447\">30 \u20ac<\/strong><\/p>\n<\/li>\n<li data-start=\"2450\" data-end=\"2504\">\n<p data-start=\"2452\" data-end=\"2504\"><strong data-start=\"2452\" data-end=\"2467\">\u5176\u4ed6\u9886\u57df<\/strong>: \u4ece\u4ee5\u4e0b\u5730\u70b9\u514d\u8d39\u9001\u8d27 <strong data-start=\"2494\" data-end=\"2502\">50 \u20ac<\/strong><\/p>\n<\/li>\n<li data-start=\"2505\" data-end=\"2646\">\n<p data-start=\"2507\" data-end=\"2646\">\u8ba2\u5355\u8f83\u5c11\uff1a <strong data-start=\"2527\" data-end=\"2537\">4,95 \u20ac<\/strong> \u56fa\u5b9a\u6210\u672c<br data-start=\"2553\" data-end=\"2556\" \/><em data-start=\"2556\" data-end=\"2646\">\u5728\u9a6c\u7eb3\u79d1\u5c14\uff0c\u8d85\u8fc7 30 \u6b27\u5143\u7684\u8ba2\u5355\u53ef\u9009\u62e9\u6b21\u65e5\u9001\u8d27\u3002<\/em><\/p>\n<\/li>\n<\/ul>\n<hr data-start=\"2648\" data-end=\"2651\" \/>\n<h3 data-start=\"2653\" data-end=\"2699\">6.\u9000\u8d27\u548c\u9000\u6b3e\u653f\u7b56<\/h3>\n<h4 data-start=\"2701\" data-end=\"2723\">\u53d7\u7406\u6848\u4ef6<\/h4>\n<ul data-start=\"2724\" data-end=\"2897\">\n<li data-start=\"2724\" data-end=\"2770\">\n<p data-start=\"2726\" data-end=\"2770\">\u4ea7\u54c1\u7834\u635f\u6216\u5305\u88c5\u53d8\u8d28<\/p>\n<\/li>\n<li data-start=\"2771\" data-end=\"2805\">\n<p data-start=\"2773\" data-end=\"2805\">\u9879\u76ee\u4e0d\u6b63\u786e\u6216\u4e22\u5931<\/p>\n<\/li>\n<li data-start=\"2806\" data-end=\"2897\">\n<p data-start=\"2808\" data-end=\"2897\">\u672a\u5f00\u5c01\u4ea7\u54c1\uff0c\u5728 <strong data-start=\"2842\" data-end=\"2852\">3 \u5929<\/strong> \u5e76\u7b26\u5408\u98df\u54c1\u5b89\u5168\u6807\u51c6<\/p>\n<\/li>\n<\/ul>\n<h4 data-start=\"2899\" data-end=\"2918\">\u672a\u88ab\u63a5\u7eb3<\/h4>\n<ul data-start=\"2919\" data-end=\"3025\">\n<li data-start=\"2919\" data-end=\"2967\">\n<p data-start=\"2921\" data-end=\"2967\">\u5df2\u5f00\u5c01\u6216\u90e8\u5206\u98df\u7528\u7684\u4ea7\u54c1<\/p>\n<\/li>\n<li data-start=\"2968\" data-end=\"3025\">\n<p data-start=\"2970\" data-end=\"3025\">\u4fc3\u9500\u54c1\u6216\u5373\u5c06\u8fc7\u671f\u7684\u7269\u54c1<\/p>\n<\/li>\n<\/ul>\n<h4 data-start=\"3027\" data-end=\"3047\">\u7a0b\u5e8f<\/h4>\n<p data-start=\"3048\" data-end=\"3178\">\u60a8\u5fc5\u987b\u5728 <strong data-start=\"3097\" data-end=\"3109\">72 \u5c0f\u65f6<\/strong> \u5e76\u9644\u4e0a\u7167\u7247\u3002\u7b54\u590d\u5e94\u5728 <strong data-start=\"3165\" data-end=\"3177\">48 \u5c0f\u65f6<\/strong>.<\/p>\n<h4 data-start=\"3180\" data-end=\"3207\">\u8fd4\u56de\u6210\u672c<\/h4>\n<ul data-start=\"3208\" data-end=\"3342\">\n<li data-start=\"3208\" data-end=\"3281\">\n<p data-start=\"3210\" data-end=\"3281\">\u5982\u679c\u662f <strong data-start=\"3216\" data-end=\"3248\">\u5356\u65b9\u8d23\u4efb<\/strong>\u6211\u4eec\u627f\u62c5\u8d39\u7528\u3002<\/p>\n<\/li>\n<li data-start=\"3282\" data-end=\"3342\">\n<p data-start=\"3284\" data-end=\"3342\">\u5982\u679c\u7531\u5ba2\u6237\u51b3\u5b9a\uff0c\u8d39\u7528\u5219\u7531\u5ba2\u6237\u627f\u62c5\u3002<\/p>\n<\/li>\n<\/ul>\n<h4 data-start=\"3344\" data-end=\"3361\">\u9000\u6b3e<\/h4>\n<p data-start=\"3362\" data-end=\"3476\">\u62a5\u9500\u5c06\u5728\u4ee5\u4e0b\u65f6\u95f4\u5185\u901a\u8fc7\u76f8\u540c\u7684\u4ed8\u6b3e\u65b9\u5f0f\u5904\u7406 <strong data-start=\"3431\" data-end=\"3456\">3 \u81f3 7 \u4e2a\u5de5\u4f5c\u65e5<\/strong> \u9a8c\u8bc1\u540e\u3002<\/p>\n<hr data-start=\"3478\" data-end=\"3481\" \/>\n<h3 data-start=\"3483\" data-end=\"3507\">7.\u4ed8\u6b3e\u65b9\u5f0f<\/h3>\n<ul data-start=\"3509\" data-end=\"3771\">\n<li data-start=\"3509\" data-end=\"3606\">\n<p data-start=\"3511\" data-end=\"3606\"><strong data-start=\"3511\" data-end=\"3524\">\u5df2\u63a5\u53d7<\/strong>\u7ef4\u8428\u5361\u3001\u4e07\u4e8b\u8fbe\u5361\u3001\u8d1d\u5b9d\u3001Bizum \u548c <strong data-start=\"3561\" data-end=\"3604\">\u8d27\u5230\u4ed8\u6b3e\uff08\u4ec5\u5728\u9a6c\u7eb3\u79d1\u5c14\uff09<\/strong><\/p>\n<\/li>\n<li data-start=\"3607\" data-end=\"3650\">\n<p data-start=\"3609\" data-end=\"3650\"><strong data-start=\"3609\" data-end=\"3619\">\u8d27\u5e01<\/strong>\u4ec5\u63a5\u53d7 <strong data-start=\"3636\" data-end=\"3648\">\u6b27\u5143\uff08\u20ac\uff09<\/strong><\/p>\n<\/li>\n<li data-start=\"3651\" data-end=\"3771\">\n<p data-start=\"3653\" data-end=\"3771\"><strong data-start=\"3653\" data-end=\"3667\">\u4f63\u91d1<\/strong>\u6211\u4eec\u4e0d\u6536\u53d6\u4efb\u4f55\u989d\u5916\u8d39\u7528\uff1b\u94f6\u884c\u8d39\u7528\uff08\u5982\u6709\uff09\u7531\u5ba2\u6237\u627f\u62c5\u3002<\/p>\n<\/li>\n<\/ul>\n<hr data-start=\"3773\" data-end=\"3776\" \/>\n<h3 data-start=\"3778\" data-end=\"3806\">8.\u5ba2\u6237\u670d\u52a1<\/h3>\n<ul data-start=\"3808\" data-end=\"4125\">\n<li data-start=\"3808\" data-end=\"3861\">\n<p data-start=\"3810\" data-end=\"3861\"><strong data-start=\"3810\" data-end=\"3832\">\u7535\u5b50\u90ae\u4ef6\u5730\u5740<\/strong>: <a class=\"cursor-pointer\" rel=\"noopener\" data-start=\"3834\" data-end=\"3859\">qe.ricoomanacor@gmail.com<\/a><\/p>\n<\/li>\n<li data-start=\"3862\" data-end=\"3902\">\n<p data-start=\"3864\" data-end=\"3902\"><strong data-start=\"3864\" data-end=\"3887\">\u7535\u8bdd\/WhatsApp<\/strong>: 652 706 700<\/p>\n<\/li>\n<li data-start=\"3903\" data-end=\"3970\">\n<p data-start=\"3905\" data-end=\"3970\"><strong data-start=\"3905\" data-end=\"3928\">\u5546\u5e97\u5730\u5740<\/strong>\u5730\u5740\uff1aAvinguda des Torrent 37, Ground Floor, Manacor<\/p>\n<\/li>\n<li data-start=\"3971\" data-end=\"4125\">\n<p data-start=\"3973\" data-end=\"3999\"><strong data-start=\"3973\" data-end=\"3996\">\u5f00\u653e\u65f6\u95f4<\/strong>:<\/p>\n<ul data-start=\"4002\" data-end=\"4125\">\n<li data-start=\"4002\" data-end=\"4036\">\n<p data-start=\"4004\" data-end=\"4036\">\u5468\u4e00\u81f3\u5468\u4e94\uff1a10:00 - 18:00<\/p>\n<\/li>\n<li data-start=\"4039\" data-end=\"4125\">\n<p data-start=\"4041\" data-end=\"4125\">\u5468\u672b\u548c\u516c\u5171\u8282\u5047\u65e5\uff1a\u53ea\u80fd\u901a\u8fc7\u7535\u5b50\u90ae\u4ef6\uff0c\u6211\u4eec\u5c06\u5728\u4e0b\u4e00\u4e2a\u5de5\u4f5c\u65e5\u56de\u590d\u3002<\/p>\n<\/li>\n<\/ul>\n<\/li>\n<\/ul>\t\t\t\t\t\t\t\t<\/div>\n\t\t\t\t<\/div>\n\t\t\t\t\t<\/div>\n\t\t\t\t<\/div>\n\t\t\t\t<\/div>","protected":false},"excerpt":{"rendered":"<p>1. Uso del Sitio Web El presente sitio web est\u00e1 destinado exclusivamente para uso personal y consumo privado.Est\u00e1 estrictamente prohibido<\/p>","protected":false},"author":1,"featured_media":0,"parent":0,"menu_order":0,"comment_status":"closed","ping_status":"closed","template":"elementor_header_footer","meta":{"footnotes":""},"class_list":["post-3","page","type-page","status-publish","hentry"],"yoast_head":"<!-- This site is optimized with the Yoast SEO plugin v25.7 - https:\/\/yoast.com\/wordpress\/plugins\/seo\/ -->\n<title>T\u00e9rminos y condiciones - qericoo.com<\/title>\n<meta name=\"robots\" content=\"index, follow, max-snippet:-1, max-image-preview:large, max-video-preview:-1\" \/>\n<link rel=\"canonical\" href=\"https:\/\/qericoo.com\/zh\/terminos-y-condiciones\/\" \/>\n<meta property=\"og:locale\" content=\"zh_CN\" \/>\n<meta property=\"og:type\" content=\"article\" \/>\n<meta property=\"og:title\" content=\"T\u00e9rminos y condiciones - qericoo.com\" \/>\n<meta property=\"og:description\" content=\"1. Uso del Sitio Web El presente sitio web est\u00e1 destinado exclusivamente para uso personal y consumo privado.Est\u00e1 estrictamente prohibido\" \/>\n<meta property=\"og:url\" content=\"https:\/\/qericoo.com\/zh\/terminos-y-condiciones\/\" \/>\n<meta property=\"og:site_name\" content=\"qericoo.com\" \/>\n<meta property=\"article:modified_time\" content=\"2025-07-18T16:35:39+00:00\" \/>\n<meta name=\"twitter:card\" content=\"summary_large_image\" \/>\n<meta name=\"twitter:label1\" content=\"\u9884\u8ba1\u9605\u8bfb\u65f6\u95f4\" \/>\n\t<meta name=\"twitter:data1\" content=\"3 \u5206\" \/>\n<script type=\"application\/ld+json\" class=\"yoast-schema-graph\">{\"@context\":\"https:\/\/schema.org\",\"@graph\":[{\"@type\":\"WebPage\",\"@id\":\"https:\/\/qericoo.com\/terminos-y-condiciones\/\",\"url\":\"https:\/\/qericoo.com\/terminos-y-condiciones\/\",\"name\":\"T\u00e9rminos y condiciones - qericoo.com\",\"isPartOf\":{\"@id\":\"https:\/\/qericoo.com\/#website\"},\"datePublished\":\"2025-06-06T14:17:51+00:00\",\"dateModified\":\"2025-07-18T16:35:39+00:00\",\"breadcrumb\":{\"@id\":\"https:\/\/qericoo.com\/terminos-y-condiciones\/#breadcrumb\"},\"inLanguage\":\"zh-Hans\",\"potentialAction\":[{\"@type\":\"ReadAction\",\"target\":[\"https:\/\/qericoo.com\/terminos-y-condiciones\/\"]}]},{\"@type\":\"BreadcrumbList\",\"@id\":\"https:\/\/qericoo.com\/terminos-y-condiciones\/#breadcrumb\",\"itemListElement\":[{\"@type\":\"ListItem\",\"position\":1,\"name\":\"Portada\",\"item\":\"https:\/\/qericoo.com\/\"},{\"@type\":\"ListItem\",\"position\":2,\"name\":\"T\u00e9rminos y condiciones\"}]},{\"@type\":\"WebSite\",\"@id\":\"https:\/\/qericoo.com\/#website\",\"url\":\"https:\/\/qericoo.com\/\",\"name\":\"qericoo.com\",\"description\":\"\",\"potentialAction\":[{\"@type\":\"SearchAction\",\"target\":{\"@type\":\"EntryPoint\",\"urlTemplate\":\"https:\/\/qericoo.com\/?s={search_term_string}\"},\"query-input\":{\"@type\":\"PropertyValueSpecification\",\"valueRequired\":true,\"valueName\":\"search_term_string\"}}],\"inLanguage\":\"zh-Hans\"}]}<\/script>\n<!-- \/ Yoast SEO plugin. -->","yoast_head_json":{"title":"T\u00e9rminos y condiciones - qericoo.com","robots":{"index":"index","follow":"follow","max-snippet":"max-snippet:-1","max-image-preview":"max-image-preview:large","max-video-preview":"max-video-preview:-1"},"canonical":"https:\/\/qericoo.com\/zh\/terminos-y-condiciones\/","og_locale":"zh_CN","og_type":"article","og_title":"T\u00e9rminos y condiciones - qericoo.com","og_description":"1. Uso del Sitio Web El presente sitio web est\u00e1 destinado exclusivamente para uso personal y consumo privado.Est\u00e1 estrictamente prohibido","og_url":"https:\/\/qericoo.com\/zh\/terminos-y-condiciones\/","og_site_name":"qericoo.com","article_modified_time":"2025-07-18T16:35:39+00:00","twitter_card":"summary_large_image","twitter_misc":{"\u9884\u8ba1\u9605\u8bfb\u65f6\u95f4":"3 \u5206"},"schema":{"@context":"https:\/\/schema.org","@graph":[{"@type":"WebPage","@id":"https:\/\/qericoo.com\/terminos-y-condiciones\/","url":"https:\/\/qericoo.com\/terminos-y-condiciones\/","name":"T\u00e9rminos y condiciones - qericoo.com","isPartOf":{"@id":"https:\/\/qericoo.com\/#website"},"datePublished":"2025-06-06T14:17:51+00:00","dateModified":"2025-07-18T16:35:39+00:00","breadcrumb":{"@id":"https:\/\/qericoo.com\/terminos-y-condiciones\/#breadcrumb"},"inLanguage":"zh-Hans","potentialAction":[{"@type":"ReadAction","target":["https:\/\/qericoo.com\/terminos-y-condiciones\/"]}]},{"@type":"BreadcrumbList","@id":"https:\/\/qericoo.com\/terminos-y-condiciones\/#breadcrumb","itemListElement":[{"@type":"ListItem","position":1,"name":"Portada","item":"https:\/\/qericoo.com\/"},{"@type":"ListItem","position":2,"name":"T\u00e9rminos y condiciones"}]},{"@type":"WebSite","@id":"https:\/\/qericoo.com\/#website","url":"https:\/\/qericoo.com\/","name":"qericoo.com","description":"","potentialAction":[{"@type":"SearchAction","target":{"@type":"EntryPoint","urlTemplate":"https:\/\/qericoo.com\/?s={search_term_string}"},"query-input":{"@type":"PropertyValueSpecification","valueRequired":true,"valueName":"search_term_string"}}],"inLanguage":"zh-Hans"}]}},"_links":{"self":[{"href":"https:\/\/qericoo.com\/zh\/wp-json\/wp\/v2\/pages\/3","targetHints":{"allow":["GET"]}}],"collection":[{"href":"https:\/\/qericoo.com\/zh\/wp-json\/wp\/v2\/pages"}],"about":[{"href":"https:\/\/qericoo.com\/zh\/wp-json\/wp\/v2\/types\/page"}],"author":[{"embeddable":true,"href":"https:\/\/qericoo.com\/zh\/wp-json\/wp\/v2\/users\/1"}],"replies":[{"embeddable":true,"href":"https:\/\/qericoo.com\/zh\/wp-json\/wp\/v2\/comments?post=3"}],"version-history":[{"count":0,"href":"https:\/\/qericoo.com\/zh\/wp-json\/wp\/v2\/pages\/3\/revisions"}],"wp:attachment":[{"href":"https:\/\/qericoo.com\/zh\/wp-json\/wp\/v2\/media?parent=3"}],"curies":[{"name":"wp","href":"https:\/\/api.w.org\/{rel}","templated":true}]}}